{"id":348,"date":"2023-01-29T09:59:02","date_gmt":"2023-01-29T08:59:02","guid":{"rendered":"https:\/\/vins-rares.lab.inr\/acheter-nos-vins\/"},"modified":"2024-05-03T14:05:14","modified_gmt":"2024-05-03T12:05:14","slug":"acheter-nos-vins","status":"publish","type":"page","link":"https:\/\/www.vins-rares.fr\/en\/acheter-nos-vins\/","title":{"rendered":"Purchase Wine"},"content":{"rendered":"\n<div class=\"wp-block-lch-image-headline alignfull is-style-default-small\"><div class=\"image-headline\"><div class=\"image-headline__image\"><img decoding=\"async\" src=\"https:\/\/www.vins-rares.fr\/wp-content\/uploads\/2023\/01\/vente-de-vins2.jpg\" alt=\"\"\/><\/div><h1 class=\"image-headline__title\">We support you worldwide<\/h1><\/div><\/div>\n\n\n\n<div class=\"wp-block-lch-title-desc\"><div class=\"title-desc\"><h2 class=\"title-desc__title\">OUR SPECIALTY:<br>EXCEPTIONAL<br>WINES<\/h2><div class=\"title-desc__content\"><strong><strong>Great wines from Bordeaux, Burgundy, Rh\u00f4ne Valley, Loire<\/strong>&#8230;<\/strong><br>Since 1983, we&#8217;ve been bringing you the best of every region.<br>Great estates, exceptional vintages, rare and precious wines are the core of our business.<\/div><\/div><\/div>\n\n\n\n<div class=\"wp-block-lch-testimonial\"><div class=\"testimonial\"><div class=\"testimonial__image\"><img decoding=\"async\" src=\"https:\/\/www.vins-rares.fr\/wp-content\/uploads\/2024\/05\/CHRISTOPHE-BESCOND_220x220.jpg\" alt=\"\"\/><\/div><div class=\"testimonial__body\"><div class=\"testimonial__content\"><strong><strong>Heirs to an expertise and passion for fine wines<\/strong>, our organization has acquired real knowledge of the wine world over the years. Thanks to our experience, <strong>we can guarantee you wines of impeccable quality<\/strong>.<\/strong><\/div><div class=\"testimonial__author\"><strong><em><em><strong>Christophe Bescond, Director of Vins Rares Peter Thustrup<\/strong><\/em><\/em><\/strong><\/div><\/div><\/div><\/div>\n\n\n\n<div class=\"wp-block-lch-title-desc\"><div class=\"title-desc\"><h2 class=\"title-desc__title\">HIGH STANDARDS AT THE HEART<br>OF OUR BUSINESS<\/h2><div class=\"title-desc__content\">Whether it&#8217;s a rare wine or a <strong>fragile<\/strong> old flask <strong>, each bottle receives special attention<\/strong>. To guarantee the quality and authenticity of our rarest bottles, we call in an <strong>independent expert <\/strong>to check the color, level and capsule of the bottle, as well as the glassware, the type and age of the paper and the type of ink.<\/div><\/div><\/div>\n\n\n\n<figure class=\"wp-block-image size-full\"><img loading=\"lazy\" decoding=\"async\" width=\"1170\" height=\"261\" src=\"https:\/\/www.vins-rares.fr\/wp-content\/uploads\/2023\/04\/Bandeau_petit3.jpg\" alt=\"\" class=\"wp-image-227\" srcset=\"https:\/\/www.vins-rares.fr\/wp-content\/uploads\/2023\/04\/Bandeau_petit3.jpg 1170w, https:\/\/www.vins-rares.fr\/wp-content\/uploads\/2023\/04\/Bandeau_petit3-300x67.jpg 300w, https:\/\/www.vins-rares.fr\/wp-content\/uploads\/2023\/04\/Bandeau_petit3-1024x228.jpg 1024w, https:\/\/www.vins-rares.fr\/wp-content\/uploads\/2023\/04\/Bandeau_petit3-768x171.jpg 768w\" sizes=\"auto, (max-width: 1170px) 100vw, 1170px\" \/><\/figure>\n\n\n\n<div class=\"wp-block-lch-title-desc\"><div class=\"title-desc\"><h2 class=\"title-desc__title\">TRANSMIT<br>A PASSION\u2026<\/h2><div class=\"title-desc__content\">Over the years, we&#8217;ve built up <strong>trusting relationships<\/strong> with our customers. We accompany them, advise them and share with them our expertise and our love of wine.<\/div><\/div><\/div>\n\n\n\n<div class=\"wp-block-lch-title-desc\"><div class=\"title-desc\"><h2 class=\"title-desc__title\">\u2026 IN<br>ALL OVER THE WORLD<\/h2><div class=\"title-desc__content\">Our customers can be found all over the world: in the <strong>USA, Asia and Europe<\/strong>. We&#8217;re happy to <strong>accompany you<\/strong> around the world.<\/div><\/div><\/div>\n\n\n\n<div class=\"wp-block-lch-image-headline alignfull is-style-section\"><div class=\"image-headline\"><div class=\"image-headline__image\"><img decoding=\"async\" src=\"https:\/\/www.vins-rares.fr\/wp-content\/uploads\/2023\/04\/Bandeau_Sources.jpg\" alt=\"\"\/><\/div><h1 class=\"image-headline__title\">Our sources of supply<\/h1><\/div><\/div>\n\n\n\n<div style=\"height:68px\" aria-hidden=\"true\" class=\"wp-block-spacer\"><\/div>\n\n\n\n<div class=\"wp-block-columns are-vertically-aligned-center is-layout-flex wp-container-core-columns-is-layout-9d6595d7 wp-block-columns-is-layout-flex\">\n<div class=\"wp-block-column is-vertically-aligned-center is-layout-flow wp-block-column-is-layout-flow\">\n<figure class=\"wp-block-image size-large\"><img loading=\"lazy\" decoding=\"async\" width=\"1024\" height=\"683\" src=\"https:\/\/www.vins-rares.fr\/wp-content\/uploads\/2023\/04\/Toscane-1024x683.jpg\" alt=\"\" class=\"wp-image-235\" srcset=\"https:\/\/www.vins-rares.fr\/wp-content\/uploads\/2023\/04\/Toscane-1024x683.jpg 1024w, https:\/\/www.vins-rares.fr\/wp-content\/uploads\/2023\/04\/Toscane-300x200.jpg 300w, https:\/\/www.vins-rares.fr\/wp-content\/uploads\/2023\/04\/Toscane-768x512.jpg 768w, https:\/\/www.vins-rares.fr\/wp-content\/uploads\/2023\/04\/Toscane-1536x1024.jpg 1536w, https:\/\/www.vins-rares.fr\/wp-content\/uploads\/2023\/04\/Toscane.jpg 1920w\" sizes=\"auto, (max-width: 1024px) 100vw, 1024px\" \/><\/figure>\n<\/div>\n\n\n\n<div class=\"wp-block-column is-vertically-aligned-center is-layout-flow wp-block-column-is-layout-flow\">\n<h2 class=\"has-text-align-center is-style-bordered wp-block-heading\">CELLARS OF <br>PRIVATE INDIVIDUALS <\/h2>\n\n\n\n<p class=\"has-text-align-center\">Private cellars are a <strong>constant and varied<\/strong> source of supply.<\/p>\n\n\n\n<p class=\"has-text-align-center\">In this way, we can acquire wines that are <strong>almost impossible to find<\/strong> on the traditional market.<\/p>\n<\/div>\n<\/div>\n\n\n\n<div class=\"wp-block-columns is-layout-flex wp-container-core-columns-is-layout-9d6595d7 wp-block-columns-is-layout-flex\">\n<div class=\"wp-block-column is-vertically-aligned-center is-layout-flow wp-block-column-is-layout-flow\">\n<h2 class=\"has-text-align-center is-style-bordered wp-block-heading\">PURCHASES FROM ESTATES<\/h2>\n\n\n\n<p class=\"has-text-align-center\">Our <strong>30 years of experience<\/strong> have enabled us to build solid relationships with the <strong>leading<\/strong> wine <strong>producers<\/strong> in <strong>Burgundy, Champagne, the Rh\u00f4ne Valley, the Loire<\/strong>&#8230;<\/p>\n<\/div>\n\n\n\n<div class=\"wp-block-column is-vertically-aligned-center is-layout-flow wp-block-column-is-layout-flow\">\n<figure class=\"wp-block-image size-full\"><img loading=\"lazy\" decoding=\"async\" width=\"653\" height=\"460\" src=\"https:\/\/www.vins-rares.fr\/wp-content\/uploads\/2023\/04\/Rectangle_3.jpg\" alt=\"\" class=\"wp-image-241\" srcset=\"https:\/\/www.vins-rares.fr\/wp-content\/uploads\/2023\/04\/Rectangle_3.jpg 653w, https:\/\/www.vins-rares.fr\/wp-content\/uploads\/2023\/04\/Rectangle_3-300x211.jpg 300w\" sizes=\"auto, (max-width: 653px) 100vw, 653px\" \/><\/figure>\n<\/div>\n<\/div>\n\n\n\n<div class=\"wp-block-columns are-vertically-aligned-center is-layout-flex wp-container-core-columns-is-layout-9d6595d7 wp-block-columns-is-layout-flex\">\n<div class=\"wp-block-column is-vertically-aligned-center is-layout-flow wp-block-column-is-layout-flow\">\n<figure class=\"wp-block-image size-full\"><img loading=\"lazy\" decoding=\"async\" width=\"653\" height=\"460\" src=\"https:\/\/www.vins-rares.fr\/wp-content\/uploads\/2023\/04\/Rectangle_4.jpg\" alt=\"\" class=\"wp-image-243\" srcset=\"https:\/\/www.vins-rares.fr\/wp-content\/uploads\/2023\/04\/Rectangle_4.jpg 653w, https:\/\/www.vins-rares.fr\/wp-content\/uploads\/2023\/04\/Rectangle_4-300x211.jpg 300w\" sizes=\"auto, (max-width: 653px) 100vw, 653px\" \/><\/figure>\n<\/div>\n\n\n\n<div class=\"wp-block-column is-vertically-aligned-center is-layout-flow wp-block-column-is-layout-flow\">\n<h2 class=\"has-text-align-center is-style-bordered wp-block-heading\">PURCHASES FROM PROFESSIONALS<\/h2>\n\n\n\n<p class=\"has-text-align-center\">Our experience has enabled us to develop a <strong>network of quality professional suppliers<\/strong>. This network enables us to purchase <strong>exceptional grands crus<\/strong>.<\/p>\n<\/div>\n<\/div>\n\n\n\n<figure class=\"wp-block-image size-full\"><img loading=\"lazy\" decoding=\"async\" width=\"1328\" height=\"296\" src=\"https:\/\/www.vins-rares.fr\/wp-content\/uploads\/2023\/04\/vente-de-vins8.jpg\" alt=\"\" class=\"wp-image-245\" srcset=\"https:\/\/www.vins-rares.fr\/wp-content\/uploads\/2023\/04\/vente-de-vins8.jpg 1328w, https:\/\/www.vins-rares.fr\/wp-content\/uploads\/2023\/04\/vente-de-vins8-300x67.jpg 300w, https:\/\/www.vins-rares.fr\/wp-content\/uploads\/2023\/04\/vente-de-vins8-1024x228.jpg 1024w, https:\/\/www.vins-rares.fr\/wp-content\/uploads\/2023\/04\/vente-de-vins8-768x171.jpg 768w\" sizes=\"auto, (max-width: 1328px) 100vw, 1328px\" \/><\/figure>\n\n\n\n<h2 class=\"has-text-align-center wp-block-heading\"> WANT TO FIND OUT MORE?<\/h2>\n\n\n\n<div class=\"wp-block-buttons is-content-justification-center is-layout-flex wp-container-core-buttons-is-layout-16018d1d wp-block-buttons-is-layout-flex\">\n<div class=\"wp-block-button\"><a class=\"wp-block-button__link wp-element-button\" href=\"\/en\/contact-us\/\">MEET US<\/a><\/div>\n<\/div>\n","protected":false},"excerpt":{"rendered":"<p>CELLARS OF PRIVATE INDIVIDUALS Private cellars are a constant and varied source of supply. In this way, we can acquire wines that are almost impossible to find on the traditional market. PURCHASES FROM ESTATES Our 30 years of experience have enabled us to build solid relationships with the leading wine producers in Burgundy, Champagne, the &hellip; <a href=\"https:\/\/www.vins-rares.fr\/en\/acheter-nos-vins\/\">Continued<\/a><\/p>\n","protected":false},"author":7,"featured_media":0,"parent":0,"menu_order":0,"comment_status":"closed","ping_status":"closed","template":"","meta":{"footnotes":""},"class_list":["post-348","page","type-page","status-publish","hentry"],"acf":[],"yoast_head":"<!-- This site is optimized with the Yoast SEO plugin v27.5 - https:\/\/yoast.com\/product\/yoast-seo-wordpress\/ -->\n<title>Acheter des grands vins de Bordeaux, Bourgogne, Vall\u00e9e du Rh\u00f4ne, Loire<\/title>\n<meta name=\"description\" content=\"Nous vous aidons \u00e0 acheter des vins de Grands domaines, mill\u00e9simes exceptionnels, vins rares et pr\u00e9cieux depuis 1983. En savoir plus\" \/>\n<meta name=\"robots\" content=\"index, follow, max-snippet:-1, max-image-preview:large, max-video-preview:-1\" \/>\n<link rel=\"canonical\" href=\"https:\/\/www.vins-rares.fr\/en\/acheter-nos-vins\/\" \/>\n<meta property=\"og:locale\" content=\"en_US\" \/>\n<meta property=\"og:type\" content=\"article\" \/>\n<meta property=\"og:title\" content=\"Acheter des grands vins de Bordeaux, Bourgogne, Vall\u00e9e du Rh\u00f4ne, Loire\" \/>\n<meta property=\"og:description\" content=\"Nous vous aidons \u00e0 acheter des vins de Grands domaines, mill\u00e9simes exceptionnels, vins rares et pr\u00e9cieux depuis 1983. En savoir plus\" \/>\n<meta property=\"og:url\" content=\"https:\/\/www.vins-rares.fr\/en\/acheter-nos-vins\/\" \/>\n<meta property=\"og:site_name\" content=\"Vins Rares Peter Thustrup\" \/>\n<meta property=\"article:modified_time\" content=\"2024-05-03T12:05:14+00:00\" \/>\n<meta property=\"og:image\" content=\"https:\/\/www.vins-rares.fr\/wp-content\/uploads\/2023\/01\/vente-de-vins2.jpg\" \/>\n<meta name=\"twitter:card\" content=\"summary_large_image\" \/>\n<meta name=\"twitter:label1\" content=\"Est. reading time\" \/>\n\t<meta name=\"twitter:data1\" content=\"4 minutes\" \/>\n<script type=\"application\/ld+json\" class=\"yoast-schema-graph\">{\"@context\":\"https:\\\/\\\/schema.org\",\"@graph\":[{\"@type\":\"WebPage\",\"@id\":\"https:\\\/\\\/www.vins-rares.fr\\\/en\\\/acheter-nos-vins\\\/\",\"url\":\"https:\\\/\\\/www.vins-rares.fr\\\/en\\\/acheter-nos-vins\\\/\",\"name\":\"Acheter des grands vins de Bordeaux, Bourgogne, Vall\u00e9e du Rh\u00f4ne, Loire\",\"isPartOf\":{\"@id\":\"https:\\\/\\\/www.vins-rares.fr\\\/en\\\/#website\"},\"primaryImageOfPage\":{\"@id\":\"https:\\\/\\\/www.vins-rares.fr\\\/en\\\/acheter-nos-vins\\\/#primaryimage\"},\"image\":{\"@id\":\"https:\\\/\\\/www.vins-rares.fr\\\/en\\\/acheter-nos-vins\\\/#primaryimage\"},\"thumbnailUrl\":\"https:\\\/\\\/www.vins-rares.fr\\\/wp-content\\\/uploads\\\/2023\\\/01\\\/vente-de-vins2.jpg\",\"datePublished\":\"2023-01-29T08:59:02+00:00\",\"dateModified\":\"2024-05-03T12:05:14+00:00\",\"description\":\"Nous vous aidons \u00e0 acheter des vins de Grands domaines, mill\u00e9simes exceptionnels, vins rares et pr\u00e9cieux depuis 1983. En savoir plus\",\"breadcrumb\":{\"@id\":\"https:\\\/\\\/www.vins-rares.fr\\\/en\\\/acheter-nos-vins\\\/#breadcrumb\"},\"inLanguage\":\"en-US\",\"potentialAction\":[{\"@type\":\"ReadAction\",\"target\":[\"https:\\\/\\\/www.vins-rares.fr\\\/en\\\/acheter-nos-vins\\\/\"]}]},{\"@type\":\"ImageObject\",\"inLanguage\":\"en-US\",\"@id\":\"https:\\\/\\\/www.vins-rares.fr\\\/en\\\/acheter-nos-vins\\\/#primaryimage\",\"url\":\"https:\\\/\\\/www.vins-rares.fr\\\/wp-content\\\/uploads\\\/2023\\\/01\\\/vente-de-vins2.jpg\",\"contentUrl\":\"https:\\\/\\\/www.vins-rares.fr\\\/wp-content\\\/uploads\\\/2023\\\/01\\\/vente-de-vins2.jpg\"},{\"@type\":\"BreadcrumbList\",\"@id\":\"https:\\\/\\\/www.vins-rares.fr\\\/en\\\/acheter-nos-vins\\\/#breadcrumb\",\"itemListElement\":[{\"@type\":\"ListItem\",\"position\":1,\"name\":\"Homepage\",\"item\":\"https:\\\/\\\/www.vins-rares.fr\\\/en\\\/\"},{\"@type\":\"ListItem\",\"position\":2,\"name\":\"Purchase Wine\"}]},{\"@type\":\"WebSite\",\"@id\":\"https:\\\/\\\/www.vins-rares.fr\\\/en\\\/#website\",\"url\":\"https:\\\/\\\/www.vins-rares.fr\\\/en\\\/\",\"name\":\"Vins Rares Peter Thustrup\",\"description\":\"Buy wine from Bordeaux, Burgundy, Rh\u00f4ne Valley, Loire\",\"potentialAction\":[{\"@type\":\"SearchAction\",\"target\":{\"@type\":\"EntryPoint\",\"urlTemplate\":\"https:\\\/\\\/www.vins-rares.fr\\\/en\\\/?s={search_term_string}\"},\"query-input\":{\"@type\":\"PropertyValueSpecification\",\"valueRequired\":true,\"valueName\":\"search_term_string\"}}],\"inLanguage\":\"en-US\"}]}<\/script>\n<!-- \/ Yoast SEO plugin. -->","yoast_head_json":{"title":"Acheter des grands vins de Bordeaux, Bourgogne, Vall\u00e9e du Rh\u00f4ne, Loire","description":"Nous vous aidons \u00e0 acheter des vins de Grands domaines, mill\u00e9simes exceptionnels, vins rares et pr\u00e9cieux depuis 1983. En savoir plus","robots":{"index":"index","follow":"follow","max-snippet":"max-snippet:-1","max-image-preview":"max-image-preview:large","max-video-preview":"max-video-preview:-1"},"canonical":"https:\/\/www.vins-rares.fr\/en\/acheter-nos-vins\/","og_locale":"en_US","og_type":"article","og_title":"Acheter des grands vins de Bordeaux, Bourgogne, Vall\u00e9e du Rh\u00f4ne, Loire","og_description":"Nous vous aidons \u00e0 acheter des vins de Grands domaines, mill\u00e9simes exceptionnels, vins rares et pr\u00e9cieux depuis 1983. En savoir plus","og_url":"https:\/\/www.vins-rares.fr\/en\/acheter-nos-vins\/","og_site_name":"Vins Rares Peter Thustrup","article_modified_time":"2024-05-03T12:05:14+00:00","og_image":[{"url":"https:\/\/www.vins-rares.fr\/wp-content\/uploads\/2023\/01\/vente-de-vins2.jpg","type":"","width":"","height":""}],"twitter_card":"summary_large_image","twitter_misc":{"Est. reading time":"4 minutes"},"schema":{"@context":"https:\/\/schema.org","@graph":[{"@type":"WebPage","@id":"https:\/\/www.vins-rares.fr\/en\/acheter-nos-vins\/","url":"https:\/\/www.vins-rares.fr\/en\/acheter-nos-vins\/","name":"Acheter des grands vins de Bordeaux, Bourgogne, Vall\u00e9e du Rh\u00f4ne, Loire","isPartOf":{"@id":"https:\/\/www.vins-rares.fr\/en\/#website"},"primaryImageOfPage":{"@id":"https:\/\/www.vins-rares.fr\/en\/acheter-nos-vins\/#primaryimage"},"image":{"@id":"https:\/\/www.vins-rares.fr\/en\/acheter-nos-vins\/#primaryimage"},"thumbnailUrl":"https:\/\/www.vins-rares.fr\/wp-content\/uploads\/2023\/01\/vente-de-vins2.jpg","datePublished":"2023-01-29T08:59:02+00:00","dateModified":"2024-05-03T12:05:14+00:00","description":"Nous vous aidons \u00e0 acheter des vins de Grands domaines, mill\u00e9simes exceptionnels, vins rares et pr\u00e9cieux depuis 1983. En savoir plus","breadcrumb":{"@id":"https:\/\/www.vins-rares.fr\/en\/acheter-nos-vins\/#breadcrumb"},"inLanguage":"en-US","potentialAction":[{"@type":"ReadAction","target":["https:\/\/www.vins-rares.fr\/en\/acheter-nos-vins\/"]}]},{"@type":"ImageObject","inLanguage":"en-US","@id":"https:\/\/www.vins-rares.fr\/en\/acheter-nos-vins\/#primaryimage","url":"https:\/\/www.vins-rares.fr\/wp-content\/uploads\/2023\/01\/vente-de-vins2.jpg","contentUrl":"https:\/\/www.vins-rares.fr\/wp-content\/uploads\/2023\/01\/vente-de-vins2.jpg"},{"@type":"BreadcrumbList","@id":"https:\/\/www.vins-rares.fr\/en\/acheter-nos-vins\/#breadcrumb","itemListElement":[{"@type":"ListItem","position":1,"name":"Homepage","item":"https:\/\/www.vins-rares.fr\/en\/"},{"@type":"ListItem","position":2,"name":"Purchase Wine"}]},{"@type":"WebSite","@id":"https:\/\/www.vins-rares.fr\/en\/#website","url":"https:\/\/www.vins-rares.fr\/en\/","name":"Vins Rares Peter Thustrup","description":"Buy wine from Bordeaux, Burgundy, Rh\u00f4ne Valley, Loire","potentialAction":[{"@type":"SearchAction","target":{"@type":"EntryPoint","urlTemplate":"https:\/\/www.vins-rares.fr\/en\/?s={search_term_string}"},"query-input":{"@type":"PropertyValueSpecification","valueRequired":true,"valueName":"search_term_string"}}],"inLanguage":"en-US"}]}},"_hostinger_reach_plugin_has_subscription_block":false,"_hostinger_reach_plugin_is_elementor":false,"_links":{"self":[{"href":"https:\/\/www.vins-rares.fr\/en\/wp-json\/wp\/v2\/pages\/348","targetHints":{"allow":["GET"]}}],"collection":[{"href":"https:\/\/www.vins-rares.fr\/en\/wp-json\/wp\/v2\/pages"}],"about":[{"href":"https:\/\/www.vins-rares.fr\/en\/wp-json\/wp\/v2\/types\/page"}],"author":[{"embeddable":true,"href":"https:\/\/www.vins-rares.fr\/en\/wp-json\/wp\/v2\/users\/7"}],"replies":[{"embeddable":true,"href":"https:\/\/www.vins-rares.fr\/en\/wp-json\/wp\/v2\/comments?post=348"}],"version-history":[{"count":6,"href":"https:\/\/www.vins-rares.fr\/en\/wp-json\/wp\/v2\/pages\/348\/revisions"}],"predecessor-version":[{"id":1077,"href":"https:\/\/www.vins-rares.fr\/en\/wp-json\/wp\/v2\/pages\/348\/revisions\/1077"}],"wp:attachment":[{"href":"https:\/\/www.vins-rares.fr\/en\/wp-json\/wp\/v2\/media?parent=348"}],"curies":[{"name":"wp","href":"https:\/\/api.w.org\/{rel}","templated":true}]}}