{"id":346,"date":"2023-04-05T14:37:39","date_gmt":"2023-04-05T12:37:39","guid":{"rendered":"https:\/\/vins-rares.lab.inr\/legal-notice\/"},"modified":"2024-03-12T11:05:53","modified_gmt":"2024-03-12T10:05:53","slug":"legal-notice","status":"publish","type":"page","link":"https:\/\/www.vins-rares.fr\/en\/legal-notice\/","title":{"rendered":"LEGAL NOTICE"},"content":{"rendered":"\n<h2 class=\"wp-block-heading\"><strong>Mentions L\u00e9gales<\/strong><\/h2>\n\n<p>Conform\u00e9ment aux dispositions de la loi n\u00b0 2004-575 du 21 juin 2004 pour la confiance en l\u2019\u00e9conomie num\u00e9rique, il est pr\u00e9cis\u00e9 aux utilisateurs du site https:\/\/www.vins-rares.fr\/, l\u2019identit\u00e9 des diff\u00e9rents intervenants dans le cadre de sa r\u00e9alisation et de son suivi.<\/p>\n\n<h3 class=\"wp-block-heading\"><strong>Edition du site<\/strong><\/h3>\n\n<p>Le pr\u00e9sent site, accessible \u00e0 l\u2019URL https:\/\/www.vins-rares.fr\/ (le \u00ab Site \u00bb), est \u00e9dit\u00e9 par :<\/p>\n\n<p>VINS RARES PETER THUSTRUP SASU, soci\u00e9t\u00e9 au capital de 423\u00a0450 euros, inscrite au R.C.S. de Paris sous le num\u00e9ro Paris B 326\u00a0466\u00a0307 dont le si\u00e8ge social est situ\u00e9 au 14 rue Notre Dame des Victoires 75002 Paris, repr\u00e9sent\u00e9e par Jean-Fr\u00e9d\u00e9ric Desclaux, d\u00fbment habilit\u00e9, Le num\u00e9ro individuel TVA de l\u2019Exploitant est : FR21326466307<\/p>\n\n<h3 class=\"wp-block-heading\"><strong>H\u00e9bergement<\/strong><\/h3>\n\n<p>Le Site est h\u00e9berg\u00e9 par la soci\u00e9t\u00e9 SARL o2switch, situ\u00e9 au 222-224 Boulevard Gustave Flaubert 63000 Clermont-Ferrand, t\u00e9l\u00e9phone 04 44 44 60 40<\/p>\n\n<h3 class=\"wp-block-heading\"><strong>Directeur de publication<\/strong><\/h3>\n\n<p>Le Directeur de la publication du Site est Daisuke Maekawa<\/p>\n\n<h3 class=\"wp-block-heading\"><strong>Nous contacter<\/strong><\/h3>\n\n<p>Par t\u00e9l\u00e9phone\u00a0: +33 1 45 01 46 00<\/p>\n\n<p>Par email\u00a0: contact@vins-rares.fr<\/p>\n\n<p>Par courrier\u00a0: 14, rue Notre-Dame des Victoires 75002 Paris<\/p>\n\n<p><strong>Donn\u00e9es personnelles<\/strong>\u00a0Le traitement de vos donn\u00e9es \u00e0 caract\u00e8re personnel est r\u00e9gi par notre\u00a0<strong>Charte du respect de la vie priv\u00e9e<em>\u00a0cf. ci-dessous,\u00a0<\/em><\/strong>conform\u00e9ment au R\u00e8glement G\u00e9n\u00e9ral sur la Protection des Donn\u00e9es 2016\/679 du 27 avril 2016 (\u00ab RGPD \u00bb).<\/p>\n\n<h3 class=\"wp-block-heading\"><strong>CHARTE SUR LE RESPECT DE LA VIE PRIV\u00c9E<\/strong><strong><\/strong><\/h3>\n\n<p><strong>Date de derni\u00e8re mise \u00e0 jour :\u00a0<em>18 f\u00e9vrier 2021<\/em><\/strong><\/p>\n\n<p>La pr\u00e9sente charte sur le respect de la vie priv\u00e9e (la \u00ab\u00a0<strong>Charte<\/strong>\u00a0\u00bb) a pour objectif de formaliser notre engagement quant au respect de la vie priv\u00e9e des utilisateurs du site internet\u00a0<a href=\"https:\/\/www.vins-rares.fr\/\">https:\/\/www.vins-rares.fr\/<\/a>\u00a0(le \u00ab\u00a0<strong>Site\u00a0<\/strong>\u00bb) exploit\u00e9 par VINS RARES PETER THUSTRUP SASU<strong><em>.<\/em><\/strong><strong><\/strong><strong><\/strong><\/p>\n\n<p>Dans le cadre de la mise \u00e0 disposition de notre Site, nous traitons vos donn\u00e9es \u00e0 caract\u00e8re personnel dans le respect du R\u00e8glement G\u00e9n\u00e9ral sur la Protection des Donn\u00e9es 2016\/679 du 27 avril 2016 (\u00ab RGPD \u00bb) et dans les conditions expos\u00e9es ci-apr\u00e8s.<\/p>\n\n<p>Une donn\u00e9e \u00e0 caract\u00e8re personnel d\u00e9signe toute information se rapportant \u00e0 une personne physique identifi\u00e9e ou identifiable. Nous collectons et traitons des donn\u00e9es \u00e0 caract\u00e8re personnel dans le cadre de la fourniture de nos Services ou de la communication \u00e0 propos de ces Servicesexclusivement, en stricte conformit\u00e9 avec le RGPD.<\/p>\n\n<p>Nous collectons uniquement des donn\u00e9es \u00e0 caract\u00e8re personnel ad\u00e9quates, pertinentes et limit\u00e9es \u00e0 ce qui est n\u00e9cessaire au regard des finalit\u00e9s pour lesquelles elles sont trait\u00e9es. Ainsi, il ne vous sera jamais demand\u00e9 de renseigner des donn\u00e9es \u00e0 caract\u00e8re personnel consid\u00e9r\u00e9es comme \u00ab sensibles \u00bb, telles que vos origines raciales ou ethniques, vos opinions politiques, philosophiques ou religieuses.<\/p>\n\n<p>En vous enregistrant sur le Site, vous nous autorisez \u00e0 traiter vos donn\u00e9es \u00e0 caract\u00e8re personnel conform\u00e9ment \u00e0 la Charte.\u00a0<strong>Si vous refusez les termes de cette Charte, veuillez vous abstenir d\u2019utiliser le Site ainsi que les Services.<\/strong><\/p>\n\n<h3 class=\"wp-block-heading\"><strong>1. Dans quels cas collectons-nous vos donn\u00e9es \u00e0 caract\u00e8re personnel et quelles donn\u00e9es sont collect\u00e9es ?<\/strong><strong><\/strong><\/h3>\n\n<p>Nous sommes susceptibles de recueillir et de conserver vos donn\u00e9es \u00e0 caract\u00e8re personnel, notamment lorsque vous :<\/p>\n\n<ul class=\"wp-block-list\">\n<li>naviguez sur le Site<\/li>\n\n\n\n<li>remplissez un formulaire de contact<\/li>\n\n\n\n<li>nous contactez.<\/li>\n<\/ul>\n\n<p>Nous utilisons vos donn\u00e9es \u00e0 caract\u00e8re personnel pour permettre la mise en \u0153uvre et la gestion des Services du Site et r\u00e9pondre \u00e0 vos demandes sp\u00e9cifiques. Nous utilisons \u00e9galement vos donn\u00e9es \u00e0 caract\u00e8re personnel dans le but d\u2019exploiter et d\u2019am\u00e9liorer nos Services, notre Site et notre d\u00e9marche. Ces informations sont utilis\u00e9es uniquement par nos soins et nous permettent de mieux adapter nos Services \u00e0 vos attentes.<\/p>\n\n<p>Si vous avez d\u00e9cid\u00e9 de recevoir des courriels et messages de notre part, vous recevrez alors des messages \u00e9lectroniques et alphanum\u00e9riques portant sur nos produits et promotions. Nous utiliserons alors les donn\u00e9es \u00e0 caract\u00e8re personnel que vous avez fournies lors de votre enregistrement. Vous pouvez vous d\u00e9sabonner de ces envois \u00e0 tout moment, sur simple demande.<\/p>\n\n<h3 class=\"wp-block-heading\"><strong>1.1 Navigation sur le Site<\/strong><strong><\/strong><\/h3>\n\n<p><strong>Donn\u00e9es de connexion.\u00a0<\/strong>\u00c0 chaque fois que vous vous connectez \u00e0 notre Site, nous recueillons des donn\u00e9es \u00e0 caract\u00e8re personnel telles que, notamment, votre adresse IP et l\u2019adresse MAC de votre ordinateur, la date et l\u2019heure de connexion, ainsi que des informations sur le navigateurque vous utilisez.<\/p>\n\n<p><strong>Donn\u00e9es de navigation.\u00a0<\/strong>Nous recueillons \u00e9galement les informations permettant d\u2019identifier de quelle fa\u00e7on vous acc\u00e9dez au Site, quelles sont les pages consult\u00e9es et pendant combien de temps. Dans ce cadre, nous pouvons avoir recours \u00e0 l\u2019utilisation de Cookies tel que pr\u00e9cis\u00e9 au paragraphe 6 ci-dessous.<\/p>\n\n<h3 class=\"wp-block-heading\"><strong>1.2\u00a0Contacts<\/strong><strong><\/strong><\/h3>\n\n<p>Afin de donner suite aux demandes que vous pourriez effectuer aupr\u00e8s de notre Service Client et de confirmer les informations vous concernant, nous pourrons utiliser vos nom, pr\u00e9nom, adresse de courrier \u00e9lectronique et num\u00e9ro de t\u00e9l\u00e9phone.<\/p>\n\n<h3 class=\"wp-block-heading\"><strong>2.\u00a0\u00a0\u00a0\u00a0\u00a0Comment prot\u00e9geons-nous vos donn\u00e9es \u00e0 caract\u00e8re personnel ?<\/strong><strong><\/strong><\/h3>\n\n<p>We have implemented technical and organizational security measures to guarantee the security, integrity and confidentiality of all your personal data, in order to prevent it from being distorted, damaged or accessed by unauthorized third parties. We ensure an appropriate level of security, taking into account the state of the art, the costs of implementation and the nature, scope, context and purposes of the processing, as well as the risks and their likelihood.\n<\/p>\n\n<p>However, please note that as no security measure is infallible, we are unable to guarantee absolute security for your personal data.<\/p>\n\n<h3 class=\"wp-block-heading\"><strong>3.     Dans quels cas partageons-nous vos donn\u00e9es \u00e0 caract\u00e8re personnel ?<\/strong><strong><\/strong><\/h3>\n\n<h3 class=\"wp-block-heading\"><strong>3.1 Sharing your personal data with third-party companies<\/strong><strong><\/strong><\/h3>\n\n<p>During your browsing on the Site, your personal data may be transmitted to external service providers. These third parties provide a service for us and on our behalf in order to ensure the proper functioning of the Services.<\/p>\n\n<p>Les donn\u00e9es \u00e0 caract\u00e8re personnel sont susceptibles d\u2019\u00eatre transf\u00e9r\u00e9es vers des pays situ\u00e9s hors de l\u2019Union Europ\u00e9enne (tels que le Japon ou Hong-Kong)<strong><em>,<\/em><\/strong>\u00a0notamment dans le but de leur traitement par nos bureaux locaux<em>.<\/em><em><\/em><\/p>\n\n<p>Conform\u00e9ment au RGPD, tous les transferts de donn\u00e9es \u00e0 caract\u00e8re personnel vers un pays situ\u00e9 hors de l\u2019Union Europ\u00e9enne et\/ou n\u2019offrant pas un niveau de protection consid\u00e9r\u00e9 comme suffisant par la Commission europ\u00e9enne ont fait l\u2019objet de conventions de flux transfronti\u00e8re conformes aux clauses contractuelles types \u00e9dict\u00e9es par la Commission europ\u00e9enne.<\/p>\n\n<p>D\u2019autres transferts de donn\u00e9es \u00e0 caract\u00e8re personnel vers les Etats-Unis sont r\u00e9gis par le E.U. \u2013 U.S. PRIVACY SHIELD (Bouclier de protection des Donn\u00e9es Union Europ\u00e9enne-Etats-Unis) :\u00a0<a href=\"https:\/\/www.cnil.fr\/fr\/le-privacy-shield\">cliquez ici pour plus d\u2019informations.<\/a><\/p>\n\n<p>Except in the case where a third party asks you to accept a confidentiality charter and conditions of use that are specific to that third party, the third-party companies that have received your personal data have undertaken to process your personal data solely for the purpose of implementing our Services. <\/p>\n\n<p>We will never, without your prior consent, share your personal data with third-party companies for marketing and\/or commercial purposes.<\/p>\n\n<h3 class=\"wp-block-heading\"><strong>3.2 Partage avec les autorit\u00e9s<\/strong><strong><\/strong><\/h3>\n\n<p>We may disclose your personal data to administrative or judicial authorities where disclosure is necessary for the identification, apprehension or prosecution of any individual likely to infringe our rights, of any other user or of a third party. Finally, we may be legally obliged to disclose your personal data, in which case we may not object.<\/p>\n\n<h3 class=\"wp-block-heading\"> <strong>4.     How long do we keep your personal data?<\/strong><strong><\/strong><\/h3>\n\n<p>In any event, we will keep your personal data for no longer than is necessary for the purposes for which it is processed, in accordance with the uses set out in this Charter and in compliance with laws and regulations.<\/p>\n\n<h3 class=\"wp-block-heading\"><strong>5.\u00a0\u00a0\u00a0\u00a0\u00a0Cookies\u00a0: comment les utilisons-nous ?<\/strong><strong><\/strong><\/h3>\n\n<h3 class=\"wp-block-heading\"><strong>5.1\u00a0\u00a0\u00a0\u00a0\u00a0\u00a0 Qu\u2019est-ce qu\u2019un cookie ?<\/strong><strong><\/strong><\/h3>\n\n<p>Un cookie est un fichier texte susceptible d\u2019\u00eatre d\u00e9pos\u00e9 dans un terminal lors de la consultation d\u2019un service en ligne avec un logiciel de navigation. Un fichier cookie permet notamment \u00e0 son \u00e9metteur, pendant sa dur\u00e9e de validit\u00e9, de reconna\u00eetre le terminal concern\u00e9 \u00e0 chaque fois que ce terminal acc\u00e8de \u00e0 un contenu num\u00e9rique comportant des cookies du m\u00eame \u00e9metteur.<\/p>\n\n<p>En tout \u00e9tat de cause, les cookies d\u00e9pos\u00e9s sur votre terminal de navigation avec votre accord sont d\u00e9truits 13 mois apr\u00e8s leur d\u00e9p\u00f4t sur votre terminal.<\/p>\n\n<h3 class=\"wp-block-heading\"><strong>5.2\u00a0\u00a0\u00a0\u00a0\u00a0\u00a0 A quoi servent les cookies \u00e9mis sur notre Site ?\u00a0<\/strong><strong><\/strong><\/h3>\n\n<p>Les cookies que nous \u00e9mettons nous permettent :<\/p>\n\n<ul class=\"wp-block-list\">\n<li>d\u2019\u00e9tablir des statistiques et volumes de fr\u00e9quentation et d\u2019utilisation des divers \u00e9l\u00e9ments composant notre Site (rubriques et contenus visit\u00e9s, parcours), nous permettant d\u2019am\u00e9liorer l\u2019int\u00e9r\u00eat et l\u2019ergonomie du Site et, le cas \u00e9ch\u00e9ant, de nos produits et services\u00a0;<\/li>\n\n\n\n<li>to adapt the presentation of our Site to your terminal&#8217;s display preferences (language used, display resolution, operating system used, etc.) during your visits to our Site, depending on the hardware and viewing or reading software that your terminal is equipped with;<\/li>\n\n\n\n<li>de m\u00e9moriser des informations relatives \u00e0 un formulaire que vous avez rempli sur notre Site\u00a0;<\/li>\n<\/ul>\n\n<p>Lors de votre navigation sur le Site, des cookies des r\u00e9seaux sociaux peuvent \u00eatre g\u00e9n\u00e9r\u00e9s notamment par l\u2019interm\u00e9diaire des boutons de partage qui collectent des donn\u00e9es \u00e0 caract\u00e8re personnel.<\/p>\n\n<p>Lors de votre premi\u00e8re visite sur le Site, un bandeau cookies appara\u00eetra en page d\u2019accueil. Un lien cliquable permet d\u2019en savoir plus sur la finalit\u00e9 et le fonctionnement des cookies et renvoie vers la pr\u00e9sente Charte. La poursuite de la navigation sur une autre page du site ou la s\u00e9lection d\u2019un \u00e9l\u00e9ment du Site (notamment : image, texte, lien, etc.) mat\u00e9rialise votre acceptation au d\u00e9p\u00f4t des cookies vis\u00e9s sur votre ordinateur.<\/p>\n\n<h3 class=\"wp-block-heading\"><strong>5.3\u00a0\u00a0\u00a0\u00a0\u00a0\u00a0 Comment pouvez-vous contr\u00f4ler les cookies utilis\u00e9s ?<\/strong><strong><\/strong><\/h3>\n\n<p>Vous pouvez \u00e0 tout moment configurer votre logiciel de navigation de mani\u00e8re \u00e0 ce que des cookies soient enregistr\u00e9s dans votre terminal ou, au contraire, qu\u2019ils soient rejet\u00e9s (soit syst\u00e9matiquement, soit selon leur \u00e9metteur). Vous pouvez \u00e9galement configurer votre logiciel de navigation de mani\u00e8re \u00e0 ce que l\u2019acceptation ou le refus des cookies vous soit propos\u00e9 ponctuellement, avant qu\u2019un cookie puisse \u00eatre enregistr\u00e9 dans votre terminal.\u00a0<\/p>\n\n<p> <strong>Please note:<\/strong> any settings you make may affect your Internet browsing experience and your conditions of access to certain services requiring the use of cookies. We decline all responsibility for the consequences linked to the degraded operation of our services resulting from the impossibility of recording or consulting the cookies necessary for their operation and which you would have refused or deleted. This would be the case if you attempted to access our content or services that require you to be identified. This would also be the case if we (or our service providers) were unable to recognize, for technical compatibility purposes, the type of browser used by your terminal, its language and display settings, or the country from which your terminal appears to be connected to the Internet. \n<\/p>\n\n<h3 class=\"wp-block-heading\"><strong>5.4\u00a0\u00a0\u00a0\u00a0\u00a0\u00a0 Comment configurer votre logiciel de navigation ?\u00a0<\/strong><strong><\/strong><\/h3>\n\n<p>To manage cookies and your choices, the configuration of each browser is different. This is described in your browser&#8217;s help menu, which will tell you how to modify your cookie preferences. Below you&#8217;ll find information on the main browsers.<\/p>\n\n<p><strong>Internet Explorer \/ Edge<\/strong><\/p>\n\n<p>Dans Internet Explorer, cliquez sur le bouton Outils, puis sur Options Internet.<br\/>Sous l\u2019onglet G\u00e9n\u00e9ral, sous Historique de navigation, cliquez sur Param\u00e8tres.<br\/>Cliquez sur le bouton Afficher les fichiers.<\/p>\n\n<p><strong>Firefox<\/strong><\/p>\n\n<ul class=\"wp-block-list\">\n<li>Allez dans l\u2019onglet Outils du navigateur puis s\u00e9lectionnez le menu Options<\/li>\n\n\n\n<li>Dans la fen\u00eatre qui s\u2019affiche, choisissez Vie priv\u00e9e et cliquez sur Affichez les cookies<\/li>\n<\/ul>\n\n<p><strong>Safari<\/strong><\/p>\n\n<ul class=\"wp-block-list\">\n<li>Acc\u00e9dez aux Param\u00e8tres via le menu du navigateur (Safari &gt; Pr\u00e9f\u00e9rences)<\/li>\n\n\n\n<li>Cliquez sur Confidentialit\u00e9.<\/li>\n<\/ul>\n\n<p><strong>Google Chrome\u00a0\u00a0\u00a0\u00a0\u00a0\u00a0\u00a0\u00a0\u00a0\u00a0\u00a0\u00a0\u00a0\u00a0\u00a0\u00a0<\/strong><\/p>\n\n<ul class=\"wp-block-list\">\n<li>Acc\u00e9dez aux Param\u00e8tres via le bouton \u00e0 droite de la barre d\u2019URL ou via le menu du navigateur (Chrome &gt; Pr\u00e9f\u00e9rences).<\/li>\n\n\n\n<li>S\u00e9lectionnez Param\u00e8tres Avanc\u00e9es<\/li>\n\n\n\n<li>Cliquez sur Param\u00e8tres du contenu puis sur Cookies.<\/li>\n<\/ul>\n\n<p>Pour obtenir plus d\u2019information sur les cookies, vous pouvez\u00a0<a href=\"https:\/\/www.cnil.fr\/fr\/site-web-cookies-et-autres-traceurs\"><strong>consulter le site internet de la CNIL<\/strong><\/a><a href=\"https:\/\/www.cnil.fr\/fr\/site-web-cookies-et-autres-traceurs\">.<\/a><\/p>\n\n<h3 class=\"wp-block-heading\"> <strong>6.     What are your rights?<\/strong><strong><\/strong>\n<\/h3>\n\n<p>You are the only person to have communicated the data in our possession, via the Site. You have rights to your personal data. In accordance with regulations on the protection of personal data, in particular Articles 15 to 22 of the RGPD, and after proving your identity, you have the right to ask us for access to, rectification or deletion of your personal data.\n<\/p>\n\n<p> In addition, within the limits set by law, you also have the right to object to processing, to limit it, to decide on the post-mortem fate of your data, to withdraw your consent at any time and the right to portability of the personal data provided.<\/p>\n\n<p>You can contact our Services to exercise your rights at the following e-mail address <strong>: <\/strong><a href=\"mailto:contact@vins-rares.fr\"><strong><em>contact@vins-rares.fr<\/em><\/strong><\/a><strong><em> <\/em><\/strong>or to the following postal address: 14, rue Notre-Dame des Victoires 75002 Paris, enclosing a copy of your identity card.<\/p>\n\n<p>Par ailleurs, vous pouvez \u00e0 tout moment vous d\u00e9sabonner de notre newsletter en cliquant sur le lien qui permet le d\u00e9sabonnement en bas de chaque email. Vous pouvez \u00e9galement vous d\u00e9sabonner en envoyant un message \u00e0 l\u2019adresse suivante :\u00a0<a href=\"mailto:contact@vins-rares.fr\"><strong><em>contact@vins-rares.fr<\/em><\/strong><\/a><\/p>\n\n<h3 class=\"wp-block-heading\"><strong>7.\u00a0\u00a0\u00a0\u00a0\u00a0Pouvons-nous modifier la Charte ?<\/strong><strong><\/strong><\/h3>\n\n<p>Nous nous r\u00e9servons le droit de modifier la Charte \u00e0 tout moment. Il est vous est donc recommand\u00e9 de la consulter r\u00e9guli\u00e8rement. En cas de modification, nous publierons ces changements sur cette page et aux endroits que nous jugerons appropri\u00e9s en fonction de l\u2019objet et de l\u2019importance des changements apport\u00e9s.<\/p>\n\n<p>Votre utilisation du Site apr\u00e8s toute modification signifie que vous acceptez ces modifications. Si vous n\u2019acceptez pas certaines modifications substantielles apport\u00e9es \u00e0 la pr\u00e9sente Charte, vous devez arr\u00eater d\u2019utiliser le Site.<\/p>\n\n<h3 class=\"wp-block-heading\"><strong>8. La Commission Nationale de l\u2019Informatique et des Libert\u00e9s (\u00ab\u00a0CNIL\u00a0\u00bb)<\/strong><strong><\/strong><\/h3>\n\n<p>Nous vous rappelons que vous pouvez contacter la CNIL directement sur le\u00a0<a href=\"https:\/\/www.cnil.fr\/fr\/agir%20\">site internet de la CNIL<\/a>\u00a0ou par courrier \u00e0 l\u2019adresse suivante : Commission Nationale de l\u2019Informatique et des Libert\u00e9s (CNIL), 3 Place de Fontenoy \u2013 TSA 80715, 75334 PARIS CEDEX 07.<\/p>\n","protected":false},"excerpt":{"rendered":"<p>Mentions L\u00e9gales Conform\u00e9ment aux dispositions de la loi n\u00b0 2004-575 du 21 juin 2004 pour la confiance en l\u2019\u00e9conomie num\u00e9rique, il est pr\u00e9cis\u00e9 aux utilisateurs du site https:\/\/www.vins-rares.fr\/, l\u2019identit\u00e9 des diff\u00e9rents intervenants dans le cadre de sa r\u00e9alisation et de son suivi. Edition du site Le pr\u00e9sent site, accessible \u00e0 l\u2019URL https:\/\/www.vins-rares.fr\/ (le \u00ab Site &hellip; <a href=\"https:\/\/www.vins-rares.fr\/en\/legal-notice\/\">Continued<\/a><\/p>\n","protected":false},"author":7,"featured_media":0,"parent":0,"menu_order":0,"comment_status":"closed","ping_status":"closed","template":"","meta":{"footnotes":""},"class_list":["post-346","page","type-page","status-publish","hentry"],"acf":[],"yoast_head":"<!-- This site is optimized with the Yoast SEO plugin v27.5 - https:\/\/yoast.com\/product\/yoast-seo-wordpress\/ -->\n<title>LEGAL NOTICE - Vins Rares Peter Thustrup<\/title>\n<meta name=\"robots\" content=\"index, follow, max-snippet:-1, max-image-preview:large, max-video-preview:-1\" \/>\n<link rel=\"canonical\" href=\"https:\/\/www.vins-rares.fr\/en\/legal-notice\/\" \/>\n<meta property=\"og:locale\" content=\"en_US\" \/>\n<meta property=\"og:type\" content=\"article\" \/>\n<meta property=\"og:title\" content=\"LEGAL NOTICE - Vins Rares Peter Thustrup\" \/>\n<meta property=\"og:description\" content=\"Mentions L\u00e9gales Conform\u00e9ment aux dispositions de la loi n\u00b0 2004-575 du 21 juin 2004 pour la confiance en l\u2019\u00e9conomie num\u00e9rique, il est pr\u00e9cis\u00e9 aux utilisateurs du site https:\/\/www.vins-rares.fr\/, l\u2019identit\u00e9 des diff\u00e9rents intervenants dans le cadre de sa r\u00e9alisation et de son suivi. Edition du site Le pr\u00e9sent site, accessible \u00e0 l\u2019URL https:\/\/www.vins-rares.fr\/ (le \u00ab Site &hellip; Continued\" \/>\n<meta property=\"og:url\" content=\"https:\/\/www.vins-rares.fr\/en\/legal-notice\/\" \/>\n<meta property=\"og:site_name\" content=\"Vins Rares Peter Thustrup\" \/>\n<meta property=\"article:modified_time\" content=\"2024-03-12T10:05:53+00:00\" \/>\n<meta name=\"twitter:card\" content=\"summary_large_image\" \/>\n<meta name=\"twitter:label1\" content=\"Est. reading time\" \/>\n\t<meta name=\"twitter:data1\" content=\"11 minutes\" \/>\n<script type=\"application\/ld+json\" class=\"yoast-schema-graph\">{\"@context\":\"https:\\\/\\\/schema.org\",\"@graph\":[{\"@type\":\"WebPage\",\"@id\":\"https:\\\/\\\/www.vins-rares.fr\\\/en\\\/legal-notice\\\/\",\"url\":\"https:\\\/\\\/www.vins-rares.fr\\\/en\\\/legal-notice\\\/\",\"name\":\"LEGAL NOTICE - Vins Rares Peter Thustrup\",\"isPartOf\":{\"@id\":\"https:\\\/\\\/www.vins-rares.fr\\\/en\\\/#website\"},\"datePublished\":\"2023-04-05T12:37:39+00:00\",\"dateModified\":\"2024-03-12T10:05:53+00:00\",\"breadcrumb\":{\"@id\":\"https:\\\/\\\/www.vins-rares.fr\\\/en\\\/legal-notice\\\/#breadcrumb\"},\"inLanguage\":\"en-US\",\"potentialAction\":[{\"@type\":\"ReadAction\",\"target\":[\"https:\\\/\\\/www.vins-rares.fr\\\/en\\\/legal-notice\\\/\"]}]},{\"@type\":\"BreadcrumbList\",\"@id\":\"https:\\\/\\\/www.vins-rares.fr\\\/en\\\/legal-notice\\\/#breadcrumb\",\"itemListElement\":[{\"@type\":\"ListItem\",\"position\":1,\"name\":\"Homepage\",\"item\":\"https:\\\/\\\/www.vins-rares.fr\\\/en\\\/\"},{\"@type\":\"ListItem\",\"position\":2,\"name\":\"LEGAL NOTICE\"}]},{\"@type\":\"WebSite\",\"@id\":\"https:\\\/\\\/www.vins-rares.fr\\\/en\\\/#website\",\"url\":\"https:\\\/\\\/www.vins-rares.fr\\\/en\\\/\",\"name\":\"Vins Rares Peter Thustrup\",\"description\":\"Buy wine from Bordeaux, Burgundy, Rh\u00f4ne Valley, Loire\",\"potentialAction\":[{\"@type\":\"SearchAction\",\"target\":{\"@type\":\"EntryPoint\",\"urlTemplate\":\"https:\\\/\\\/www.vins-rares.fr\\\/en\\\/?s={search_term_string}\"},\"query-input\":{\"@type\":\"PropertyValueSpecification\",\"valueRequired\":true,\"valueName\":\"search_term_string\"}}],\"inLanguage\":\"en-US\"}]}<\/script>\n<!-- \/ Yoast SEO plugin. -->","yoast_head_json":{"title":"LEGAL NOTICE - Vins Rares Peter Thustrup","robots":{"index":"index","follow":"follow","max-snippet":"max-snippet:-1","max-image-preview":"max-image-preview:large","max-video-preview":"max-video-preview:-1"},"canonical":"https:\/\/www.vins-rares.fr\/en\/legal-notice\/","og_locale":"en_US","og_type":"article","og_title":"LEGAL NOTICE - Vins Rares Peter Thustrup","og_description":"Mentions L\u00e9gales Conform\u00e9ment aux dispositions de la loi n\u00b0 2004-575 du 21 juin 2004 pour la confiance en l\u2019\u00e9conomie num\u00e9rique, il est pr\u00e9cis\u00e9 aux utilisateurs du site https:\/\/www.vins-rares.fr\/, l\u2019identit\u00e9 des diff\u00e9rents intervenants dans le cadre de sa r\u00e9alisation et de son suivi. Edition du site Le pr\u00e9sent site, accessible \u00e0 l\u2019URL https:\/\/www.vins-rares.fr\/ (le \u00ab Site &hellip; Continued","og_url":"https:\/\/www.vins-rares.fr\/en\/legal-notice\/","og_site_name":"Vins Rares Peter Thustrup","article_modified_time":"2024-03-12T10:05:53+00:00","twitter_card":"summary_large_image","twitter_misc":{"Est. reading time":"11 minutes"},"schema":{"@context":"https:\/\/schema.org","@graph":[{"@type":"WebPage","@id":"https:\/\/www.vins-rares.fr\/en\/legal-notice\/","url":"https:\/\/www.vins-rares.fr\/en\/legal-notice\/","name":"LEGAL NOTICE - Vins Rares Peter Thustrup","isPartOf":{"@id":"https:\/\/www.vins-rares.fr\/en\/#website"},"datePublished":"2023-04-05T12:37:39+00:00","dateModified":"2024-03-12T10:05:53+00:00","breadcrumb":{"@id":"https:\/\/www.vins-rares.fr\/en\/legal-notice\/#breadcrumb"},"inLanguage":"en-US","potentialAction":[{"@type":"ReadAction","target":["https:\/\/www.vins-rares.fr\/en\/legal-notice\/"]}]},{"@type":"BreadcrumbList","@id":"https:\/\/www.vins-rares.fr\/en\/legal-notice\/#breadcrumb","itemListElement":[{"@type":"ListItem","position":1,"name":"Homepage","item":"https:\/\/www.vins-rares.fr\/en\/"},{"@type":"ListItem","position":2,"name":"LEGAL NOTICE"}]},{"@type":"WebSite","@id":"https:\/\/www.vins-rares.fr\/en\/#website","url":"https:\/\/www.vins-rares.fr\/en\/","name":"Vins Rares Peter Thustrup","description":"Buy wine from Bordeaux, Burgundy, Rh\u00f4ne Valley, Loire","potentialAction":[{"@type":"SearchAction","target":{"@type":"EntryPoint","urlTemplate":"https:\/\/www.vins-rares.fr\/en\/?s={search_term_string}"},"query-input":{"@type":"PropertyValueSpecification","valueRequired":true,"valueName":"search_term_string"}}],"inLanguage":"en-US"}]}},"_hostinger_reach_plugin_has_subscription_block":false,"_hostinger_reach_plugin_is_elementor":false,"_links":{"self":[{"href":"https:\/\/www.vins-rares.fr\/en\/wp-json\/wp\/v2\/pages\/346","targetHints":{"allow":["GET"]}}],"collection":[{"href":"https:\/\/www.vins-rares.fr\/en\/wp-json\/wp\/v2\/pages"}],"about":[{"href":"https:\/\/www.vins-rares.fr\/en\/wp-json\/wp\/v2\/types\/page"}],"author":[{"embeddable":true,"href":"https:\/\/www.vins-rares.fr\/en\/wp-json\/wp\/v2\/users\/7"}],"replies":[{"embeddable":true,"href":"https:\/\/www.vins-rares.fr\/en\/wp-json\/wp\/v2\/comments?post=346"}],"version-history":[{"count":25,"href":"https:\/\/www.vins-rares.fr\/en\/wp-json\/wp\/v2\/pages\/346\/revisions"}],"predecessor-version":[{"id":786,"href":"https:\/\/www.vins-rares.fr\/en\/wp-json\/wp\/v2\/pages\/346\/revisions\/786"}],"wp:attachment":[{"href":"https:\/\/www.vins-rares.fr\/en\/wp-json\/wp\/v2\/media?parent=346"}],"curies":[{"name":"wp","href":"https:\/\/api.w.org\/{rel}","templated":true}]}}